{"id":79,"date":"2013-10-31T16:38:14","date_gmt":"2013-10-31T14:38:14","guid":{"rendered":"http:\/\/www.2013-neu.astro-doerfert.de\/?page_id=79"},"modified":"2020-02-03T19:25:27","modified_gmt":"2020-02-03T17:25:27","slug":"anfahrt","status":"publish","type":"page","link":"https:\/\/www.astrologie-und-hom\u00f6opathie.de\/?page_id=79","title":{"rendered":"Anfahrt"},"content":{"rendered":"<p>Die <strong>Naturheilpraxis Petra D\u00f6rfert<\/strong> in der <em>Praxisgemeinschaft<\/em> Goethestr. 58, 10625 Berlin-Charlottenburg, liegt verkehrsg\u00fcnstig zwischen Kantstra\u00dfe, Wilmersdorfer Stra\u00dfe und Bismarckstra\u00dfe, nur wenige Gehminuten von:<\/p>\n<p>U2 Deutsche Oper<br \/>\nU7 Wilmersdorfer Stra\u00dfe<br \/>\nBus M 49, X 34 Kantstr.\/Leibnizstr.<br \/>\nS-Bhf Charlottenburg<\/p>\n<p><a title=\"Auf Google Maps anzeigen\" href=\"https:\/\/www.google.com\/maps\/place\/Goethestra%C3%9Fe+58,+10625+Berlin\/@52.5086774,13.3100364,17z\/data=!3m1!4b1!4m5!3m4!1s0x47a850e1b0524f01:0x41e2381c01745800!8m2!3d52.5086774!4d13.3122251\" target=\"_blank\" rel=\"noopener\">Auf Google Maps anzeigen<\/a><\/p>\n<p><a href=\"http:\/\/dev.naturheilpraxis-doerfert.de\/wp-content\/uploads\/2013\/10\/wsb_298x386_IMG_1725.jpg\"><img loading=\"lazy\" decoding=\"async\" class=\"alignnone size-medium wp-image-950\" src=\"http:\/\/dev.naturheilpraxis-doerfert.de\/wp-content\/uploads\/2013\/10\/wsb_298x386_IMG_1725-225x300.jpg\" alt=\"_wsb_298x386_img_1725\" width=\"225\" height=\"300\" srcset=\"https:\/\/www.astrologie-und-hom\u00f6opathie.de\/wp-content\/uploads\/2013\/10\/wsb_298x386_IMG_1725-225x300.jpg 225w, https:\/\/www.astrologie-und-hom\u00f6opathie.de\/wp-content\/uploads\/2013\/10\/wsb_298x386_IMG_1725.jpg 298w\" sizes=\"auto, (max-width: 225px) 100vw, 225px\" \/><\/a><\/p>\n","protected":false},"excerpt":{"rendered":"<p>Die Naturheilpraxis Petra D\u00f6rfert in der Praxisgemeinschaft Goethestr. 58, 10625 Berlin-Charlottenburg, liegt verkehrsg\u00fcnstig zwischen Kantstra\u00dfe, Wilmersdorfer Stra\u00dfe und Bismarckstra\u00dfe, nur wenige Gehminuten von: U2 Deutsche Oper U7 Wilmersdorfer Stra\u00dfe Bus M 49, X 34 Kantstr.\/Leibnizstr. S-Bhf Charlottenburg Auf Google Maps &hellip; <a href=\"https:\/\/www.astrologie-und-hom\u00f6opathie.de\/?page_id=79\">Weiterlesen <span class=\"meta-nav\">&rarr;<\/span><\/a><\/p>\n","protected":false},"author":2,"featured_media":0,"parent":0,"menu_order":4,"comment_status":"closed","ping_status":"closed","template":"","meta":{"footnotes":""},"class_list":["post-79","page","type-page","status-publish","hentry"],"yoast_head":"<!-- This site is optimized with the Yoast SEO plugin v25.2 - https:\/\/yoast.com\/wordpress\/plugins\/seo\/ -->\n<title>Anfahrt - Naturheilpraxis Petra Doerfert<\/title>\n<meta name=\"robots\" content=\"index, follow, max-snippet:-1, max-image-preview:large, max-video-preview:-1\" \/>\n<link rel=\"canonical\" href=\"https:\/\/www.astrologie-und-hom\u00f6opathie.de\/?page_id=79\" \/>\n<meta property=\"og:locale\" content=\"de_DE\" \/>\n<meta property=\"og:type\" content=\"article\" \/>\n<meta property=\"og:title\" content=\"Anfahrt - Naturheilpraxis Petra Doerfert\" \/>\n<meta property=\"og:description\" content=\"Die Naturheilpraxis Petra D\u00f6rfert in der Praxisgemeinschaft Goethestr. 58, 10625 Berlin-Charlottenburg, liegt verkehrsg\u00fcnstig zwischen Kantstra\u00dfe, Wilmersdorfer Stra\u00dfe und Bismarckstra\u00dfe, nur wenige Gehminuten von: U2 Deutsche Oper U7 Wilmersdorfer Stra\u00dfe Bus M 49, X 34 Kantstr.\/Leibnizstr. S-Bhf Charlottenburg Auf Google Maps &hellip; Weiterlesen &rarr;\" \/>\n<meta property=\"og:url\" content=\"https:\/\/www.astrologie-und-hom\u00f6opathie.de\/?page_id=79\" \/>\n<meta property=\"og:site_name\" content=\"Naturheilpraxis Petra Doerfert\" \/>\n<meta property=\"article:modified_time\" content=\"2020-02-03T17:25:27+00:00\" \/>\n<meta property=\"og:image\" content=\"http:\/\/dev.naturheilpraxis-doerfert.de\/wp-content\/uploads\/2013\/10\/wsb_298x386_IMG_1725-225x300.jpg\" \/>\n<meta name=\"twitter:card\" content=\"summary_large_image\" \/>\n<script type=\"application\/ld+json\" class=\"yoast-schema-graph\">{\"@context\":\"https:\/\/schema.org\",\"@graph\":[{\"@type\":\"WebPage\",\"@id\":\"https:\/\/www.astrologie-und-hom\u00f6opathie.de\/?page_id=79\",\"url\":\"https:\/\/www.astrologie-und-hom\u00f6opathie.de\/?page_id=79\",\"name\":\"Anfahrt - Naturheilpraxis Petra Doerfert\",\"isPartOf\":{\"@id\":\"https:\/\/www.astrologie-und-hom\u00f6opathie.de\/#website\"},\"primaryImageOfPage\":{\"@id\":\"https:\/\/www.astrologie-und-hom\u00f6opathie.de\/?page_id=79#primaryimage\"},\"image\":{\"@id\":\"https:\/\/www.astrologie-und-hom\u00f6opathie.de\/?page_id=79#primaryimage\"},\"thumbnailUrl\":\"http:\/\/dev.naturheilpraxis-doerfert.de\/wp-content\/uploads\/2013\/10\/wsb_298x386_IMG_1725-225x300.jpg\",\"datePublished\":\"2013-10-31T14:38:14+00:00\",\"dateModified\":\"2020-02-03T17:25:27+00:00\",\"breadcrumb\":{\"@id\":\"https:\/\/www.astrologie-und-hom\u00f6opathie.de\/?page_id=79#breadcrumb\"},\"inLanguage\":\"de\",\"potentialAction\":[{\"@type\":\"ReadAction\",\"target\":[\"https:\/\/www.astrologie-und-hom\u00f6opathie.de\/?page_id=79\"]}]},{\"@type\":\"ImageObject\",\"inLanguage\":\"de\",\"@id\":\"https:\/\/www.astrologie-und-hom\u00f6opathie.de\/?page_id=79#primaryimage\",\"url\":\"http:\/\/dev.naturheilpraxis-doerfert.de\/wp-content\/uploads\/2013\/10\/wsb_298x386_IMG_1725-225x300.jpg\",\"contentUrl\":\"http:\/\/dev.naturheilpraxis-doerfert.de\/wp-content\/uploads\/2013\/10\/wsb_298x386_IMG_1725-225x300.jpg\"},{\"@type\":\"BreadcrumbList\",\"@id\":\"https:\/\/www.astrologie-und-hom\u00f6opathie.de\/?page_id=79#breadcrumb\",\"itemListElement\":[{\"@type\":\"ListItem\",\"position\":1,\"name\":\"Startseite\",\"item\":\"https:\/\/www.astrologie-und-hom\u00f6opathie.de\/\"},{\"@type\":\"ListItem\",\"position\":2,\"name\":\"Anfahrt\"}]},{\"@type\":\"WebSite\",\"@id\":\"https:\/\/www.astrologie-und-hom\u00f6opathie.de\/#website\",\"url\":\"https:\/\/www.astrologie-und-hom\u00f6opathie.de\/\",\"name\":\"Naturheilpraxis Petra Doerfert\",\"description\":\"Heilpraktikerin, gepr\u00fcfte Astrologin DAV\",\"potentialAction\":[{\"@type\":\"SearchAction\",\"target\":{\"@type\":\"EntryPoint\",\"urlTemplate\":\"https:\/\/www.astrologie-und-hom\u00f6opathie.de\/?s={search_term_string}\"},\"query-input\":{\"@type\":\"PropertyValueSpecification\",\"valueRequired\":true,\"valueName\":\"search_term_string\"}}],\"inLanguage\":\"de\"}]}<\/script>\n<!-- \/ Yoast SEO plugin. -->","yoast_head_json":{"title":"Anfahrt - Naturheilpraxis Petra Doerfert","robots":{"index":"index","follow":"follow","max-snippet":"max-snippet:-1","max-image-preview":"max-image-preview:large","max-video-preview":"max-video-preview:-1"},"canonical":"https:\/\/www.astrologie-und-hom\u00f6opathie.de\/?page_id=79","og_locale":"de_DE","og_type":"article","og_title":"Anfahrt - Naturheilpraxis Petra Doerfert","og_description":"Die Naturheilpraxis Petra D\u00f6rfert in der Praxisgemeinschaft Goethestr. 58, 10625 Berlin-Charlottenburg, liegt verkehrsg\u00fcnstig zwischen Kantstra\u00dfe, Wilmersdorfer Stra\u00dfe und Bismarckstra\u00dfe, nur wenige Gehminuten von: U2 Deutsche Oper U7 Wilmersdorfer Stra\u00dfe Bus M 49, X 34 Kantstr.\/Leibnizstr. S-Bhf Charlottenburg Auf Google Maps &hellip; Weiterlesen &rarr;","og_url":"https:\/\/www.astrologie-und-hom\u00f6opathie.de\/?page_id=79","og_site_name":"Naturheilpraxis Petra Doerfert","article_modified_time":"2020-02-03T17:25:27+00:00","og_image":[{"url":"http:\/\/dev.naturheilpraxis-doerfert.de\/wp-content\/uploads\/2013\/10\/wsb_298x386_IMG_1725-225x300.jpg","type":"","width":"","height":""}],"twitter_card":"summary_large_image","schema":{"@context":"https:\/\/schema.org","@graph":[{"@type":"WebPage","@id":"https:\/\/www.astrologie-und-hom\u00f6opathie.de\/?page_id=79","url":"https:\/\/www.astrologie-und-hom\u00f6opathie.de\/?page_id=79","name":"Anfahrt - Naturheilpraxis Petra Doerfert","isPartOf":{"@id":"https:\/\/www.astrologie-und-hom\u00f6opathie.de\/#website"},"primaryImageOfPage":{"@id":"https:\/\/www.astrologie-und-hom\u00f6opathie.de\/?page_id=79#primaryimage"},"image":{"@id":"https:\/\/www.astrologie-und-hom\u00f6opathie.de\/?page_id=79#primaryimage"},"thumbnailUrl":"http:\/\/dev.naturheilpraxis-doerfert.de\/wp-content\/uploads\/2013\/10\/wsb_298x386_IMG_1725-225x300.jpg","datePublished":"2013-10-31T14:38:14+00:00","dateModified":"2020-02-03T17:25:27+00:00","breadcrumb":{"@id":"https:\/\/www.astrologie-und-hom\u00f6opathie.de\/?page_id=79#breadcrumb"},"inLanguage":"de","potentialAction":[{"@type":"ReadAction","target":["https:\/\/www.astrologie-und-hom\u00f6opathie.de\/?page_id=79"]}]},{"@type":"ImageObject","inLanguage":"de","@id":"https:\/\/www.astrologie-und-hom\u00f6opathie.de\/?page_id=79#primaryimage","url":"http:\/\/dev.naturheilpraxis-doerfert.de\/wp-content\/uploads\/2013\/10\/wsb_298x386_IMG_1725-225x300.jpg","contentUrl":"http:\/\/dev.naturheilpraxis-doerfert.de\/wp-content\/uploads\/2013\/10\/wsb_298x386_IMG_1725-225x300.jpg"},{"@type":"BreadcrumbList","@id":"https:\/\/www.astrologie-und-hom\u00f6opathie.de\/?page_id=79#breadcrumb","itemListElement":[{"@type":"ListItem","position":1,"name":"Startseite","item":"https:\/\/www.astrologie-und-hom\u00f6opathie.de\/"},{"@type":"ListItem","position":2,"name":"Anfahrt"}]},{"@type":"WebSite","@id":"https:\/\/www.astrologie-und-hom\u00f6opathie.de\/#website","url":"https:\/\/www.astrologie-und-hom\u00f6opathie.de\/","name":"Naturheilpraxis Petra Doerfert","description":"Heilpraktikerin, gepr\u00fcfte Astrologin DAV","potentialAction":[{"@type":"SearchAction","target":{"@type":"EntryPoint","urlTemplate":"https:\/\/www.astrologie-und-hom\u00f6opathie.de\/?s={search_term_string}"},"query-input":{"@type":"PropertyValueSpecification","valueRequired":true,"valueName":"search_term_string"}}],"inLanguage":"de"}]}},"_links":{"self":[{"href":"https:\/\/www.astrologie-und-hom\u00f6opathie.de\/index.php?rest_route=\/wp\/v2\/pages\/79","targetHints":{"allow":["GET"]}}],"collection":[{"href":"https:\/\/www.astrologie-und-hom\u00f6opathie.de\/index.php?rest_route=\/wp\/v2\/pages"}],"about":[{"href":"https:\/\/www.astrologie-und-hom\u00f6opathie.de\/index.php?rest_route=\/wp\/v2\/types\/page"}],"author":[{"embeddable":true,"href":"https:\/\/www.astrologie-und-hom\u00f6opathie.de\/index.php?rest_route=\/wp\/v2\/users\/2"}],"replies":[{"embeddable":true,"href":"https:\/\/www.astrologie-und-hom\u00f6opathie.de\/index.php?rest_route=%2Fwp%2Fv2%2Fcomments&post=79"}],"version-history":[{"count":41,"href":"https:\/\/www.astrologie-und-hom\u00f6opathie.de\/index.php?rest_route=\/wp\/v2\/pages\/79\/revisions"}],"predecessor-version":[{"id":1137,"href":"https:\/\/www.astrologie-und-hom\u00f6opathie.de\/index.php?rest_route=\/wp\/v2\/pages\/79\/revisions\/1137"}],"wp:attachment":[{"href":"https:\/\/www.astrologie-und-hom\u00f6opathie.de\/index.php?rest_route=%2Fwp%2Fv2%2Fmedia&parent=79"}],"curies":[{"name":"wp","href":"https:\/\/api.w.org\/{rel}","templated":true}]}}