{"id":67,"date":"2013-10-28T16:54:38","date_gmt":"2013-10-28T14:54:38","guid":{"rendered":"http:\/\/www.2013-neu.astro-doerfert.de\/?page_id=67"},"modified":"2025-01-26T12:47:33","modified_gmt":"2025-01-26T10:47:33","slug":"ueber-mich","status":"publish","type":"page","link":"https:\/\/www.astrologie-und-hom\u00f6opathie.de\/?page_id=67","title":{"rendered":"\u00dcber mich"},"content":{"rendered":"\n<p><strong>Petra Martina D\u00f6rfert M.A.<\/strong>, geb. am 3. Oktober 1970 in Stuttgart.<\/p>\n\n\n\n<p>Nach dem Abitur Studium der Geisteswissenschaften (Germanistik und Kunstgeschichte) in Stuttgart und Berlin mit Abschluss Magister Artium.<\/p>\n\n\n\n<p>Seit 1992 parallel dazu intensive Besch\u00e4ftigung mit Astrologie. Ausbildung bei Dipl. Psych. Markus Jehle am Astrologie-Zentrum Berlin, 2004 Verbandspr\u00fcfung des Deutschen Astrologen-Verbands (DAV). Seitdem beratende und lehrende Astrologin.<\/p>\n\n\n\n<p>Durch h\u00e4ufige Begegnung mit Krankheitsf\u00e4llen Beginn einer verst\u00e4rkten Auseinandersetzung mit alternativen Heilmethoden und Therapieformen.<\/p>\n\n\n\n<p>2008 Erlangung der Heilpraktikererlaubnis nach \u00dcberpr\u00fcfung durch das Gesundheitsamt Stuttgart.<\/p>\n\n\n\n<p>2008-10 Organisation der \u201cFachtage Astromedizin\u201d in Berlin zusammen mit HP Birgit B\u00f6hmig, dazu erschienene Vortragsb\u00e4nde: <em>Astromedizin heute \u2013 Ans\u00e4tze und Perspektiven<\/em> und <em>Astromedizin heute 2 \u2013 Astrologie und Therapie<\/em> (siehe unten).<\/p>\n\n\n\n<p>2009 Er\u00f6ffnung der Naturheilpraxis Petra D\u00f6rfert mit Schwerpunkt Hom\u00f6opathie (Ausbildung und fortlaufende Supervision bei <a href=\"http:\/\/www.hom\u00f6opathie-matthias-richter-berlin.de\" target=\"_blank\" rel=\"noopener\">HP Matthias Richter<\/a>, Weiterbildungen bei Jens Ahlbrecht, Jens Wurster, Dario Spinedi, Jeremy Sherr, Klaus Roman H\u00f6r, Karl-Josef M\u00fcller, Resie Moonen, Martin Jakob, Gerhard Ruster, Christoph Schl\u00fcter).<\/p>\n\n\n\n<p>2011-2016 Leiterin der DAV-Sektion &#8222;Medizin und Astrologie&#8220;.<\/p>\n\n\n\n<p>2011-2023 Mitglied der Pr\u00fcfungskommission, seit 2023 Mitglied der Schlichtungskommission des Deutschen Astrologen-Verbands (DAV).<\/p>\n\n\n\n<p>Seit 2012 private Forschungst\u00e4tigkeit im Bereich Hom\u00f6opathiegeschichte (<a title=\"M\u00e9lanie Hahnemann Projekt\" href=\"https:\/\/www.astrologie-und-hom\u00f6opathie.de\/?page_id=1263\" target=\"_blank\" rel=\"noopener\">M\u00e9lanie Hahnemann Projekt<\/a>).<\/p>\n\n\n\n<p>2019 Gr\u00fcndung der <a href=\"https:\/\/online-akademie-astrologie.com\/\" target=\"_blank\" rel=\"noopener\">Online Akademie Astrologie<\/a> mit dem folgenden Angebot:<br>3-j\u00e4hrige Online-Ausbildung Astrologie (bestehend aus der einj\u00e4hrigen <a href=\"https:\/\/online-akademie-astrologie.com\/\" target=\"_blank\" rel=\"noopener\">Grundausbildung<\/a> sowie den Aufbaukursen <a href=\"https:\/\/online-akademie-astrologie.com\/aufbaukurse\/prognose\/\" target=\"_blank\" rel=\"noopener\">Prognose<\/a>, <a href=\"https:\/\/online-akademie-astrologie.com\/aufbaukurse\/partnerschaftsastrologie\/\" target=\"_blank\" rel=\"noopener\">Partnerschaftsastrologie<\/a> und <a href=\"https:\/\/online-akademie-astrologie.com\/aufbaukurse\/berater-training\/\" target=\"_blank\" rel=\"noopener\">Beratertraining<\/a>)<\/p>\n\n\n\n<p>Zudem biete ich im Rahmen meiner Naturheilpraxis die <a href=\"https:\/\/online-akademie-astrologie.com\/astromedizin\/\" target=\"_blank\" rel=\"noopener\">Online-Ausbildung Astromedizin<\/a> an.<\/p>\n\n\n\n<h2 class=\"wp-block-heading\">Ver\u00f6ffentlichungen:<\/h2>\n\n\n\n<p>Astromedizin heute &#8211; Ans\u00e4tze und Perspektiven (astronova 2009).<br> Astromedizin heute 2 &#8211; Astrologie und Therapie (astronova 2012).<br> <a href=\"https:\/\/buchshop.bod.de\/wann-kommt-endlich-der-die-richtigeo-petra-doerfert-9783732200368\" target=\"_blank\" rel=\"noopener\">Wann kommt endlich der\/die Richtige? Mehr Klarheit in Beziehungsfragen mit der Partnerschaftsastrologie<\/a> (Bod Norderstedt 2013).<br> Hahnemanns Begr\u00e4bnisst\u00e4tten in Paris (ZKH &#8211; Zeitschrift f\u00fcr klassische Hom\u00f6opathie, 58. Jg., 2\/2014).<br> <a href=\"https:\/\/buchshop.bod.de\/melanie-hahnemann-dhervilly-petra-doerfert-9783759733382\" target=\"_blank\" rel=\"noopener\">M\u00e9lanie Hahnemann d&#8217;Hervilly. Die erste Hom\u00f6opathin<\/a> (Bod Norderstedt 2024).<br> Zahlreiche weitere astrologische und astromedizinische Artikel, siehe dazu <a href=\"https:\/\/www.astrologie-beratung-berlin.com\/?page_id=67\" target=\"_blank\" rel=\"noopener\">hier<\/a>.<\/p>\n\n\n\n<h2 class=\"wp-block-heading\">Mitgliedschaften:<\/h2>\n\n\n\n<figure class=\"wp-block-image\"><img loading=\"lazy\" decoding=\"async\" width=\"153\" height=\"163\" src=\"https:\/\/www.astrologie-und-hom\u00f6opathie.de\/wp-content\/uploads\/2016\/11\/vkhd-stempel.jpg\" alt=\"VKHD Stempel\" class=\"wp-image-986\"\/><\/figure>\n\n\n\n<figure class=\"wp-block-image\"><img loading=\"lazy\" decoding=\"async\" width=\"200\" height=\"200\" src=\"https:\/\/www.astrologie-und-hom\u00f6opathie.de\/wp-content\/uploads\/2013\/11\/DAV-gepruefte-Astrologin.jpg\" alt=\"Sigel DAV-gepr\u00fcfte Astrologin\" class=\"wp-image-248\" srcset=\"https:\/\/www.astrologie-und-hom\u00f6opathie.de\/wp-content\/uploads\/2013\/11\/DAV-gepruefte-Astrologin.jpg 200w, https:\/\/www.astrologie-und-hom\u00f6opathie.de\/wp-content\/uploads\/2013\/11\/DAV-gepruefte-Astrologin-150x150.jpg 150w\" sizes=\"auto, (max-width: 200px) 100vw, 200px\" \/><\/figure>\n\n\n\n<p>&nbsp;&nbsp;<\/p>\n\n\n\n<figure class=\"wp-block-image size-full is-style-default\"><img loading=\"lazy\" decoding=\"async\" width=\"298\" height=\"338\" src=\"https:\/\/www.astrologie-und-hom\u00f6opathie.de\/wp-content\/uploads\/2016\/11\/hahnemann.jpg\" alt=\"HP Petra D\u00f6rfert am Grab von Hahnemann in Paris\" class=\"wp-image-985\" srcset=\"https:\/\/www.astrologie-und-hom\u00f6opathie.de\/wp-content\/uploads\/2016\/11\/hahnemann.jpg 298w, https:\/\/www.astrologie-und-hom\u00f6opathie.de\/wp-content\/uploads\/2016\/11\/hahnemann-264x300.jpg 264w\" sizes=\"auto, (max-width: 298px) 100vw, 298px\" \/><figcaption class=\"wp-element-caption\">HP Petra D\u00f6rfert am Grab von Samuel Hahnemann in Paris<br>(C) Petra D\u00f6rfert 2017<\/figcaption><\/figure>\n","protected":false},"excerpt":{"rendered":"<p>Petra Martina D\u00f6rfert M.A., geb. am 3. Oktober 1970 in Stuttgart. Nach dem Abitur Studium der Geisteswissenschaften (Germanistik und Kunstgeschichte) in Stuttgart und Berlin mit Abschluss Magister Artium. Seit 1992 parallel dazu intensive Besch\u00e4ftigung mit Astrologie. Ausbildung bei Dipl. Psych. &hellip; <a href=\"https:\/\/www.astrologie-und-hom\u00f6opathie.de\/?page_id=67\">Weiterlesen <span class=\"meta-nav\">&rarr;<\/span><\/a><\/p>\n","protected":false},"author":2,"featured_media":0,"parent":0,"menu_order":7,"comment_status":"closed","ping_status":"open","template":"","meta":{"footnotes":""},"class_list":["post-67","page","type-page","status-publish","hentry"],"yoast_head":"<!-- This site is optimized with the Yoast SEO plugin v25.2 - https:\/\/yoast.com\/wordpress\/plugins\/seo\/ -->\n<title>\u00dcber mich - Naturheilpraxis Petra Doerfert<\/title>\n<meta name=\"robots\" content=\"index, follow, max-snippet:-1, max-image-preview:large, max-video-preview:-1\" \/>\n<link rel=\"canonical\" href=\"https:\/\/www.astrologie-und-hom\u00f6opathie.de\/?page_id=67\" \/>\n<meta property=\"og:locale\" content=\"de_DE\" \/>\n<meta property=\"og:type\" content=\"article\" \/>\n<meta property=\"og:title\" content=\"\u00dcber mich - Naturheilpraxis Petra Doerfert\" \/>\n<meta property=\"og:description\" content=\"Petra Martina D\u00f6rfert M.A., geb. am 3. Oktober 1970 in Stuttgart. Nach dem Abitur Studium der Geisteswissenschaften (Germanistik und Kunstgeschichte) in Stuttgart und Berlin mit Abschluss Magister Artium. Seit 1992 parallel dazu intensive Besch\u00e4ftigung mit Astrologie. Ausbildung bei Dipl. Psych. &hellip; Weiterlesen &rarr;\" \/>\n<meta property=\"og:url\" content=\"https:\/\/www.astrologie-und-hom\u00f6opathie.de\/?page_id=67\" \/>\n<meta property=\"og:site_name\" content=\"Naturheilpraxis Petra Doerfert\" \/>\n<meta property=\"article:modified_time\" content=\"2025-01-26T10:47:33+00:00\" \/>\n<meta name=\"twitter:card\" content=\"summary_large_image\" \/>\n<meta name=\"twitter:label1\" content=\"Gesch\u00e4tzte Lesezeit\" \/>\n\t<meta name=\"twitter:data1\" content=\"3\u00a0Minuten\" \/>\n<script type=\"application\/ld+json\" class=\"yoast-schema-graph\">{\"@context\":\"https:\/\/schema.org\",\"@graph\":[{\"@type\":\"WebPage\",\"@id\":\"https:\/\/www.astrologie-und-hom\u00f6opathie.de\/?page_id=67\",\"url\":\"https:\/\/www.astrologie-und-hom\u00f6opathie.de\/?page_id=67\",\"name\":\"\u00dcber mich - Naturheilpraxis Petra Doerfert\",\"isPartOf\":{\"@id\":\"https:\/\/www.astrologie-und-hom\u00f6opathie.de\/#website\"},\"datePublished\":\"2013-10-28T14:54:38+00:00\",\"dateModified\":\"2025-01-26T10:47:33+00:00\",\"breadcrumb\":{\"@id\":\"https:\/\/www.astrologie-und-hom\u00f6opathie.de\/?page_id=67#breadcrumb\"},\"inLanguage\":\"de\",\"potentialAction\":[{\"@type\":\"ReadAction\",\"target\":[\"https:\/\/www.astrologie-und-hom\u00f6opathie.de\/?page_id=67\"]}]},{\"@type\":\"BreadcrumbList\",\"@id\":\"https:\/\/www.astrologie-und-hom\u00f6opathie.de\/?page_id=67#breadcrumb\",\"itemListElement\":[{\"@type\":\"ListItem\",\"position\":1,\"name\":\"Startseite\",\"item\":\"https:\/\/www.astrologie-und-hom\u00f6opathie.de\/\"},{\"@type\":\"ListItem\",\"position\":2,\"name\":\"\u00dcber mich\"}]},{\"@type\":\"WebSite\",\"@id\":\"https:\/\/www.astrologie-und-hom\u00f6opathie.de\/#website\",\"url\":\"https:\/\/www.astrologie-und-hom\u00f6opathie.de\/\",\"name\":\"Naturheilpraxis Petra Doerfert\",\"description\":\"Heilpraktikerin, gepr\u00fcfte Astrologin DAV\",\"potentialAction\":[{\"@type\":\"SearchAction\",\"target\":{\"@type\":\"EntryPoint\",\"urlTemplate\":\"https:\/\/www.astrologie-und-hom\u00f6opathie.de\/?s={search_term_string}\"},\"query-input\":{\"@type\":\"PropertyValueSpecification\",\"valueRequired\":true,\"valueName\":\"search_term_string\"}}],\"inLanguage\":\"de\"}]}<\/script>\n<!-- \/ Yoast SEO plugin. -->","yoast_head_json":{"title":"\u00dcber mich - Naturheilpraxis Petra Doerfert","robots":{"index":"index","follow":"follow","max-snippet":"max-snippet:-1","max-image-preview":"max-image-preview:large","max-video-preview":"max-video-preview:-1"},"canonical":"https:\/\/www.astrologie-und-hom\u00f6opathie.de\/?page_id=67","og_locale":"de_DE","og_type":"article","og_title":"\u00dcber mich - Naturheilpraxis Petra Doerfert","og_description":"Petra Martina D\u00f6rfert M.A., geb. am 3. Oktober 1970 in Stuttgart. Nach dem Abitur Studium der Geisteswissenschaften (Germanistik und Kunstgeschichte) in Stuttgart und Berlin mit Abschluss Magister Artium. Seit 1992 parallel dazu intensive Besch\u00e4ftigung mit Astrologie. Ausbildung bei Dipl. Psych. &hellip; Weiterlesen &rarr;","og_url":"https:\/\/www.astrologie-und-hom\u00f6opathie.de\/?page_id=67","og_site_name":"Naturheilpraxis Petra Doerfert","article_modified_time":"2025-01-26T10:47:33+00:00","twitter_card":"summary_large_image","twitter_misc":{"Gesch\u00e4tzte Lesezeit":"3\u00a0Minuten"},"schema":{"@context":"https:\/\/schema.org","@graph":[{"@type":"WebPage","@id":"https:\/\/www.astrologie-und-hom\u00f6opathie.de\/?page_id=67","url":"https:\/\/www.astrologie-und-hom\u00f6opathie.de\/?page_id=67","name":"\u00dcber mich - Naturheilpraxis Petra Doerfert","isPartOf":{"@id":"https:\/\/www.astrologie-und-hom\u00f6opathie.de\/#website"},"datePublished":"2013-10-28T14:54:38+00:00","dateModified":"2025-01-26T10:47:33+00:00","breadcrumb":{"@id":"https:\/\/www.astrologie-und-hom\u00f6opathie.de\/?page_id=67#breadcrumb"},"inLanguage":"de","potentialAction":[{"@type":"ReadAction","target":["https:\/\/www.astrologie-und-hom\u00f6opathie.de\/?page_id=67"]}]},{"@type":"BreadcrumbList","@id":"https:\/\/www.astrologie-und-hom\u00f6opathie.de\/?page_id=67#breadcrumb","itemListElement":[{"@type":"ListItem","position":1,"name":"Startseite","item":"https:\/\/www.astrologie-und-hom\u00f6opathie.de\/"},{"@type":"ListItem","position":2,"name":"\u00dcber mich"}]},{"@type":"WebSite","@id":"https:\/\/www.astrologie-und-hom\u00f6opathie.de\/#website","url":"https:\/\/www.astrologie-und-hom\u00f6opathie.de\/","name":"Naturheilpraxis Petra Doerfert","description":"Heilpraktikerin, gepr\u00fcfte Astrologin DAV","potentialAction":[{"@type":"SearchAction","target":{"@type":"EntryPoint","urlTemplate":"https:\/\/www.astrologie-und-hom\u00f6opathie.de\/?s={search_term_string}"},"query-input":{"@type":"PropertyValueSpecification","valueRequired":true,"valueName":"search_term_string"}}],"inLanguage":"de"}]}},"_links":{"self":[{"href":"https:\/\/www.astrologie-und-hom\u00f6opathie.de\/index.php?rest_route=\/wp\/v2\/pages\/67","targetHints":{"allow":["GET"]}}],"collection":[{"href":"https:\/\/www.astrologie-und-hom\u00f6opathie.de\/index.php?rest_route=\/wp\/v2\/pages"}],"about":[{"href":"https:\/\/www.astrologie-und-hom\u00f6opathie.de\/index.php?rest_route=\/wp\/v2\/types\/page"}],"author":[{"embeddable":true,"href":"https:\/\/www.astrologie-und-hom\u00f6opathie.de\/index.php?rest_route=\/wp\/v2\/users\/2"}],"replies":[{"embeddable":true,"href":"https:\/\/www.astrologie-und-hom\u00f6opathie.de\/index.php?rest_route=%2Fwp%2Fv2%2Fcomments&post=67"}],"version-history":[{"count":116,"href":"https:\/\/www.astrologie-und-hom\u00f6opathie.de\/index.php?rest_route=\/wp\/v2\/pages\/67\/revisions"}],"predecessor-version":[{"id":1319,"href":"https:\/\/www.astrologie-und-hom\u00f6opathie.de\/index.php?rest_route=\/wp\/v2\/pages\/67\/revisions\/1319"}],"wp:attachment":[{"href":"https:\/\/www.astrologie-und-hom\u00f6opathie.de\/index.php?rest_route=%2Fwp%2Fv2%2Fmedia&parent=67"}],"curies":[{"name":"wp","href":"https:\/\/api.w.org\/{rel}","templated":true}]}}