{"id":1374,"date":"2025-02-23T01:02:46","date_gmt":"2025-02-22T23:02:46","guid":{"rendered":"https:\/\/www.astrologie-und-hom\u00f6opathie.de\/?page_id=1374"},"modified":"2025-02-23T20:02:11","modified_gmt":"2025-02-23T18:02:11","slug":"frankreich","status":"publish","type":"page","link":"https:\/\/www.astrologie-und-hom\u00f6opathie.de\/?page_id=1374","title":{"rendered":"Frankreich"},"content":{"rendered":"\n<h2 class=\"wp-block-heading\">Paris<\/h2>\n\n\n\n<figure class=\"wp-block-gallery has-nested-images columns-default is-cropped wp-block-gallery-1 is-layout-flex wp-block-gallery-is-layout-flex\">\n<figure class=\"wp-block-image size-large\"><img loading=\"lazy\" decoding=\"async\" width=\"1000\" height=\"666\" data-id=\"1398\" src=\"https:\/\/www.astrologie-und-hom\u00f6opathie.de\/wp-content\/uploads\/2025\/02\/16_Rue-de-St-Peres-2-1000x666.jpg\" alt=\"Rue de St Peres 26 Paris\" class=\"wp-image-1398\" srcset=\"https:\/\/www.astrologie-und-hom\u00f6opathie.de\/wp-content\/uploads\/2025\/02\/16_Rue-de-St-Peres-2-1000x666.jpg 1000w, https:\/\/www.astrologie-und-hom\u00f6opathie.de\/wp-content\/uploads\/2025\/02\/16_Rue-de-St-Peres-2-300x200.jpg 300w, https:\/\/www.astrologie-und-hom\u00f6opathie.de\/wp-content\/uploads\/2025\/02\/16_Rue-de-St-Peres-2-768x511.jpg 768w, https:\/\/www.astrologie-und-hom\u00f6opathie.de\/wp-content\/uploads\/2025\/02\/16_Rue-de-St-Peres-2-1536x1023.jpg 1536w, https:\/\/www.astrologie-und-hom\u00f6opathie.de\/wp-content\/uploads\/2025\/02\/16_Rue-de-St-Peres-2-2048x1364.jpg 2048w, https:\/\/www.astrologie-und-hom\u00f6opathie.de\/wp-content\/uploads\/2025\/02\/16_Rue-de-St-Peres-2-451x300.jpg 451w\" sizes=\"auto, (max-width: 1000px) 100vw, 1000px\" \/><\/figure>\n\n\n\n<figure class=\"wp-block-image size-large\"><img loading=\"lazy\" decoding=\"async\" width=\"1000\" height=\"700\" data-id=\"1399\" src=\"https:\/\/www.astrologie-und-hom\u00f6opathie.de\/wp-content\/uploads\/2025\/02\/IMG_9704-Kopie-1000x700.jpg\" alt=\"Gedenktafel Wohnst\u00e4tte Hahnemann in Paris\" class=\"wp-image-1399\" srcset=\"https:\/\/www.astrologie-und-hom\u00f6opathie.de\/wp-content\/uploads\/2025\/02\/IMG_9704-Kopie-1000x700.jpg 1000w, https:\/\/www.astrologie-und-hom\u00f6opathie.de\/wp-content\/uploads\/2025\/02\/IMG_9704-Kopie-300x210.jpg 300w, https:\/\/www.astrologie-und-hom\u00f6opathie.de\/wp-content\/uploads\/2025\/02\/IMG_9704-Kopie-768x537.jpg 768w, https:\/\/www.astrologie-und-hom\u00f6opathie.de\/wp-content\/uploads\/2025\/02\/IMG_9704-Kopie-1536x1074.jpg 1536w, https:\/\/www.astrologie-und-hom\u00f6opathie.de\/wp-content\/uploads\/2025\/02\/IMG_9704-Kopie-429x300.jpg 429w, https:\/\/www.astrologie-und-hom\u00f6opathie.de\/wp-content\/uploads\/2025\/02\/IMG_9704-Kopie.jpg 1583w\" sizes=\"auto, (max-width: 1000px) 100vw, 1000px\" \/><\/figure>\n<figcaption class=\"blocks-gallery-caption wp-element-caption\">26, Rue des Saints-P\u00e8res (Erste Wohnst\u00e4tte des Ehepaars Hahnemann in Paris 1835)<\/figcaption><\/figure>\n\n\n\n<figure class=\"wp-block-gallery has-nested-images columns-default is-cropped wp-block-gallery-2 is-layout-flex wp-block-gallery-is-layout-flex\">\n<figure class=\"wp-block-image size-large\"><img loading=\"lazy\" decoding=\"async\" width=\"1000\" height=\"667\" data-id=\"1403\" src=\"https:\/\/www.astrologie-und-hom\u00f6opathie.de\/wp-content\/uploads\/2025\/02\/Homepage-1000x667.jpg\" alt=\"Hahnemanns erstes Grab auf dem Cimetiere de Montmartre 1\" class=\"wp-image-1403\" srcset=\"https:\/\/www.astrologie-und-hom\u00f6opathie.de\/wp-content\/uploads\/2025\/02\/Homepage-1000x667.jpg 1000w, https:\/\/www.astrologie-und-hom\u00f6opathie.de\/wp-content\/uploads\/2025\/02\/Homepage-300x200.jpg 300w, https:\/\/www.astrologie-und-hom\u00f6opathie.de\/wp-content\/uploads\/2025\/02\/Homepage-768x512.jpg 768w, https:\/\/www.astrologie-und-hom\u00f6opathie.de\/wp-content\/uploads\/2025\/02\/Homepage-1536x1024.jpg 1536w, https:\/\/www.astrologie-und-hom\u00f6opathie.de\/wp-content\/uploads\/2025\/02\/Homepage-2048x1365.jpg 2048w, https:\/\/www.astrologie-und-hom\u00f6opathie.de\/wp-content\/uploads\/2025\/02\/Homepage-450x300.jpg 450w\" sizes=\"auto, (max-width: 1000px) 100vw, 1000px\" \/><\/figure>\n\n\n<div class=\"wp-block-image\">\n<figure class=\"aligncenter size-large\"><img loading=\"lazy\" decoding=\"async\" width=\"1000\" height=\"666\" data-id=\"1404\" src=\"https:\/\/www.astrologie-und-hom\u00f6opathie.de\/wp-content\/uploads\/2025\/02\/Homepage-3-1000x666.jpg\" alt=\"Hahnemanns erstes Grab auf dem Cimetiere de Montmartre 2\" class=\"wp-image-1404\" srcset=\"https:\/\/www.astrologie-und-hom\u00f6opathie.de\/wp-content\/uploads\/2025\/02\/Homepage-3-1000x666.jpg 1000w, https:\/\/www.astrologie-und-hom\u00f6opathie.de\/wp-content\/uploads\/2025\/02\/Homepage-3-300x200.jpg 300w, https:\/\/www.astrologie-und-hom\u00f6opathie.de\/wp-content\/uploads\/2025\/02\/Homepage-3-768x511.jpg 768w, https:\/\/www.astrologie-und-hom\u00f6opathie.de\/wp-content\/uploads\/2025\/02\/Homepage-3-1536x1023.jpg 1536w, https:\/\/www.astrologie-und-hom\u00f6opathie.de\/wp-content\/uploads\/2025\/02\/Homepage-3-2048x1364.jpg 2048w, https:\/\/www.astrologie-und-hom\u00f6opathie.de\/wp-content\/uploads\/2025\/02\/Homepage-3-451x300.jpg 451w\" sizes=\"auto, (max-width: 1000px) 100vw, 1000px\" \/><\/figure>\n<\/div><figcaption class=\"blocks-gallery-caption wp-element-caption\">Hahnemanns erstes Grab auf dem Cimeti\u00e8re de Montmartre<\/figcaption><\/figure>\n\n\n\n<figure class=\"wp-block-gallery has-nested-images columns-default is-cropped wp-block-gallery-3 is-layout-flex wp-block-gallery-is-layout-flex\">\n<figure class=\"wp-block-image size-large\"><img loading=\"lazy\" decoding=\"async\" width=\"525\" height=\"700\" data-id=\"1412\" src=\"https:\/\/www.astrologie-und-hom\u00f6opathie.de\/wp-content\/uploads\/2025\/02\/6-Hahnemanngrab-52-525x700.jpg\" alt=\"Hahnemanns Grab auf dem Pere Lachaise 2\" class=\"wp-image-1412\" srcset=\"https:\/\/www.astrologie-und-hom\u00f6opathie.de\/wp-content\/uploads\/2025\/02\/6-Hahnemanngrab-52-525x700.jpg 525w, https:\/\/www.astrologie-und-hom\u00f6opathie.de\/wp-content\/uploads\/2025\/02\/6-Hahnemanngrab-52-225x300.jpg 225w, https:\/\/www.astrologie-und-hom\u00f6opathie.de\/wp-content\/uploads\/2025\/02\/6-Hahnemanngrab-52-768x1024.jpg 768w, https:\/\/www.astrologie-und-hom\u00f6opathie.de\/wp-content\/uploads\/2025\/02\/6-Hahnemanngrab-52-1152x1536.jpg 1152w, https:\/\/www.astrologie-und-hom\u00f6opathie.de\/wp-content\/uploads\/2025\/02\/6-Hahnemanngrab-52-1536x2048.jpg 1536w, https:\/\/www.astrologie-und-hom\u00f6opathie.de\/wp-content\/uploads\/2025\/02\/6-Hahnemanngrab-52-scaled.jpg 1920w\" sizes=\"auto, (max-width: 525px) 100vw, 525px\" \/><\/figure>\n\n\n\n<figure class=\"wp-block-image size-large\"><img loading=\"lazy\" decoding=\"async\" width=\"525\" height=\"700\" data-id=\"1413\" src=\"https:\/\/www.astrologie-und-hom\u00f6opathie.de\/wp-content\/uploads\/2025\/02\/Pere-Lachaise-Hahnemann-37-525x700.jpg\" alt=\"Hahnemanns Grab auf dem Pere Lachaise 1\" class=\"wp-image-1413\" srcset=\"https:\/\/www.astrologie-und-hom\u00f6opathie.de\/wp-content\/uploads\/2025\/02\/Pere-Lachaise-Hahnemann-37-525x700.jpg 525w, https:\/\/www.astrologie-und-hom\u00f6opathie.de\/wp-content\/uploads\/2025\/02\/Pere-Lachaise-Hahnemann-37-225x300.jpg 225w, https:\/\/www.astrologie-und-hom\u00f6opathie.de\/wp-content\/uploads\/2025\/02\/Pere-Lachaise-Hahnemann-37-768x1024.jpg 768w, https:\/\/www.astrologie-und-hom\u00f6opathie.de\/wp-content\/uploads\/2025\/02\/Pere-Lachaise-Hahnemann-37-1152x1536.jpg 1152w, https:\/\/www.astrologie-und-hom\u00f6opathie.de\/wp-content\/uploads\/2025\/02\/Pere-Lachaise-Hahnemann-37-1536x2048.jpg 1536w, https:\/\/www.astrologie-und-hom\u00f6opathie.de\/wp-content\/uploads\/2025\/02\/Pere-Lachaise-Hahnemann-37-scaled.jpg 1920w\" sizes=\"auto, (max-width: 525px) 100vw, 525px\" \/><\/figure>\n\n\n<div class=\"wp-block-image\">\n<figure class=\"aligncenter size-large\"><img loading=\"lazy\" decoding=\"async\" width=\"1000\" height=\"667\" data-id=\"1411\" src=\"https:\/\/www.astrologie-und-hom\u00f6opathie.de\/wp-content\/uploads\/2025\/02\/4-Hahnemann-10-1000x667.jpg\" alt=\"Hahnemanns Grab auf dem Pere Lachaise 3\" class=\"wp-image-1411\" srcset=\"https:\/\/www.astrologie-und-hom\u00f6opathie.de\/wp-content\/uploads\/2025\/02\/4-Hahnemann-10-1000x667.jpg 1000w, https:\/\/www.astrologie-und-hom\u00f6opathie.de\/wp-content\/uploads\/2025\/02\/4-Hahnemann-10-300x200.jpg 300w, https:\/\/www.astrologie-und-hom\u00f6opathie.de\/wp-content\/uploads\/2025\/02\/4-Hahnemann-10-768x512.jpg 768w, https:\/\/www.astrologie-und-hom\u00f6opathie.de\/wp-content\/uploads\/2025\/02\/4-Hahnemann-10-1536x1024.jpg 1536w, https:\/\/www.astrologie-und-hom\u00f6opathie.de\/wp-content\/uploads\/2025\/02\/4-Hahnemann-10-2048x1365.jpg 2048w, https:\/\/www.astrologie-und-hom\u00f6opathie.de\/wp-content\/uploads\/2025\/02\/4-Hahnemann-10-450x300.jpg 450w\" sizes=\"auto, (max-width: 1000px) 100vw, 1000px\" \/><\/figure>\n<\/div><figcaption class=\"blocks-gallery-caption wp-element-caption\">Endg\u00fcltige Ruhest\u00e4tte des Ehepaars Hahnemann auf dem Cimeti\u00e8re P\u00e8re-Lachaise<\/figcaption><\/figure>\n\n\n\n<figure class=\"wp-block-gallery has-nested-images columns-default is-cropped wp-block-gallery-4 is-layout-flex wp-block-gallery-is-layout-flex\">\n<figure class=\"wp-block-image size-large\"><img loading=\"lazy\" decoding=\"async\" width=\"1000\" height=\"665\" data-id=\"1417\" src=\"https:\/\/www.astrologie-und-hom\u00f6opathie.de\/wp-content\/uploads\/2025\/02\/Archives-22-1000x665.jpg\" alt=\"Die Archives Nationales in Paris\" class=\"wp-image-1417\" srcset=\"https:\/\/www.astrologie-und-hom\u00f6opathie.de\/wp-content\/uploads\/2025\/02\/Archives-22-1000x665.jpg 1000w, https:\/\/www.astrologie-und-hom\u00f6opathie.de\/wp-content\/uploads\/2025\/02\/Archives-22-300x200.jpg 300w, https:\/\/www.astrologie-und-hom\u00f6opathie.de\/wp-content\/uploads\/2025\/02\/Archives-22-768x511.jpg 768w, https:\/\/www.astrologie-und-hom\u00f6opathie.de\/wp-content\/uploads\/2025\/02\/Archives-22-1536x1022.jpg 1536w, https:\/\/www.astrologie-und-hom\u00f6opathie.de\/wp-content\/uploads\/2025\/02\/Archives-22-2048x1362.jpg 2048w, https:\/\/www.astrologie-und-hom\u00f6opathie.de\/wp-content\/uploads\/2025\/02\/Archives-22-451x300.jpg 451w\" sizes=\"auto, (max-width: 1000px) 100vw, 1000px\" \/><\/figure>\n\n\n\n<figure class=\"wp-block-image size-large\"><img loading=\"lazy\" decoding=\"async\" width=\"891\" height=\"700\" data-id=\"1416\" src=\"https:\/\/www.astrologie-und-hom\u00f6opathie.de\/wp-content\/uploads\/2025\/02\/Archives-8-Kopie-891x700.jpg\" alt=\"Die Archives Nationales in Paris Lesesaal\" class=\"wp-image-1416\" srcset=\"https:\/\/www.astrologie-und-hom\u00f6opathie.de\/wp-content\/uploads\/2025\/02\/Archives-8-Kopie-891x700.jpg 891w, https:\/\/www.astrologie-und-hom\u00f6opathie.de\/wp-content\/uploads\/2025\/02\/Archives-8-Kopie-300x236.jpg 300w, https:\/\/www.astrologie-und-hom\u00f6opathie.de\/wp-content\/uploads\/2025\/02\/Archives-8-Kopie-768x603.jpg 768w, https:\/\/www.astrologie-und-hom\u00f6opathie.de\/wp-content\/uploads\/2025\/02\/Archives-8-Kopie-1536x1207.jpg 1536w, https:\/\/www.astrologie-und-hom\u00f6opathie.de\/wp-content\/uploads\/2025\/02\/Archives-8-Kopie-2048x1609.jpg 2048w, https:\/\/www.astrologie-und-hom\u00f6opathie.de\/wp-content\/uploads\/2025\/02\/Archives-8-Kopie-382x300.jpg 382w\" sizes=\"auto, (max-width: 891px) 100vw, 891px\" \/><\/figure>\n<figcaption class=\"blocks-gallery-caption wp-element-caption\">Die Archives Nationales in Paris, wo sich wichtige Dokumente v.a. zum Leben M\u00e9lanie Hahnemanns finden<\/figcaption><\/figure>\n\n\n\n<figure class=\"wp-block-gallery has-nested-images columns-default is-cropped wp-block-gallery-5 is-layout-flex wp-block-gallery-is-layout-flex\">\n<figure class=\"wp-block-image size-large\"><img loading=\"lazy\" decoding=\"async\" width=\"973\" height=\"700\" data-id=\"1420\" src=\"https:\/\/www.astrologie-und-hom\u00f6opathie.de\/wp-content\/uploads\/2025\/02\/1-Archive-de-Paris-1-973x700.jpg\" alt=\"Archives de Paris Au\u00dfenansicht\" class=\"wp-image-1420\" srcset=\"https:\/\/www.astrologie-und-hom\u00f6opathie.de\/wp-content\/uploads\/2025\/02\/1-Archive-de-Paris-1-973x700.jpg 973w, https:\/\/www.astrologie-und-hom\u00f6opathie.de\/wp-content\/uploads\/2025\/02\/1-Archive-de-Paris-1-300x216.jpg 300w, https:\/\/www.astrologie-und-hom\u00f6opathie.de\/wp-content\/uploads\/2025\/02\/1-Archive-de-Paris-1-768x553.jpg 768w, https:\/\/www.astrologie-und-hom\u00f6opathie.de\/wp-content\/uploads\/2025\/02\/1-Archive-de-Paris-1-1536x1105.jpg 1536w, https:\/\/www.astrologie-und-hom\u00f6opathie.de\/wp-content\/uploads\/2025\/02\/1-Archive-de-Paris-1-2048x1474.jpg 2048w, https:\/\/www.astrologie-und-hom\u00f6opathie.de\/wp-content\/uploads\/2025\/02\/1-Archive-de-Paris-1-417x300.jpg 417w\" sizes=\"auto, (max-width: 973px) 100vw, 973px\" \/><\/figure>\n\n\n\n<figure class=\"wp-block-image size-large\"><img loading=\"lazy\" decoding=\"async\" width=\"1000\" height=\"673\" data-id=\"1422\" src=\"https:\/\/www.astrologie-und-hom\u00f6opathie.de\/wp-content\/uploads\/2025\/02\/P1210439-scaled-e1740332606944-1000x673.jpg\" alt=\"Archives de Paris Lesesaal\" class=\"wp-image-1422\" srcset=\"https:\/\/www.astrologie-und-hom\u00f6opathie.de\/wp-content\/uploads\/2025\/02\/P1210439-scaled-e1740332606944-1000x673.jpg 1000w, https:\/\/www.astrologie-und-hom\u00f6opathie.de\/wp-content\/uploads\/2025\/02\/P1210439-scaled-e1740332606944-300x202.jpg 300w, https:\/\/www.astrologie-und-hom\u00f6opathie.de\/wp-content\/uploads\/2025\/02\/P1210439-scaled-e1740332606944-768x517.jpg 768w, https:\/\/www.astrologie-und-hom\u00f6opathie.de\/wp-content\/uploads\/2025\/02\/P1210439-scaled-e1740332606944-1536x1034.jpg 1536w, https:\/\/www.astrologie-und-hom\u00f6opathie.de\/wp-content\/uploads\/2025\/02\/P1210439-scaled-e1740332606944-2048x1379.jpg 2048w, https:\/\/www.astrologie-und-hom\u00f6opathie.de\/wp-content\/uploads\/2025\/02\/P1210439-scaled-e1740332606944-445x300.jpg 445w\" sizes=\"auto, (max-width: 1000px) 100vw, 1000px\" \/><\/figure>\n\n\n<div class=\"wp-block-image\">\n<figure class=\"aligncenter size-large\"><img loading=\"lazy\" decoding=\"async\" width=\"825\" height=\"700\" data-id=\"1421\" src=\"https:\/\/www.astrologie-und-hom\u00f6opathie.de\/wp-content\/uploads\/2025\/02\/P1210415-Kopie-825x700.jpg\" alt=\"Archives de Paris Archivalie\" class=\"wp-image-1421\" srcset=\"https:\/\/www.astrologie-und-hom\u00f6opathie.de\/wp-content\/uploads\/2025\/02\/P1210415-Kopie-825x700.jpg 825w, https:\/\/www.astrologie-und-hom\u00f6opathie.de\/wp-content\/uploads\/2025\/02\/P1210415-Kopie-300x255.jpg 300w, https:\/\/www.astrologie-und-hom\u00f6opathie.de\/wp-content\/uploads\/2025\/02\/P1210415-Kopie-768x652.jpg 768w, https:\/\/www.astrologie-und-hom\u00f6opathie.de\/wp-content\/uploads\/2025\/02\/P1210415-Kopie-1536x1304.jpg 1536w, https:\/\/www.astrologie-und-hom\u00f6opathie.de\/wp-content\/uploads\/2025\/02\/P1210415-Kopie-2048x1739.jpg 2048w, https:\/\/www.astrologie-und-hom\u00f6opathie.de\/wp-content\/uploads\/2025\/02\/P1210415-Kopie-353x300.jpg 353w\" sizes=\"auto, (max-width: 825px) 100vw, 825px\" \/><\/figure>\n<\/div><figcaption class=\"blocks-gallery-caption wp-element-caption\">Die Archives de Paris, in denen die Sterbedokumente des Ehepaars Hahnemann aufbewahrt werden<\/figcaption><\/figure>\n\n\n\n<figure class=\"wp-block-gallery has-nested-images columns-default is-cropped wp-block-gallery-6 is-layout-flex wp-block-gallery-is-layout-flex\"><div class=\"wp-block-image\">\n<figure class=\"aligncenter size-large\"><img loading=\"lazy\" decoding=\"async\" width=\"976\" height=\"700\" data-id=\"1425\" src=\"https:\/\/www.astrologie-und-hom\u00f6opathie.de\/wp-content\/uploads\/2025\/02\/Homepage-1-976x700.jpg\" alt=\"Hopital St. Jacques Paris Au\u00dfenansicht\" class=\"wp-image-1425\" srcset=\"https:\/\/www.astrologie-und-hom\u00f6opathie.de\/wp-content\/uploads\/2025\/02\/Homepage-1-976x700.jpg 976w, https:\/\/www.astrologie-und-hom\u00f6opathie.de\/wp-content\/uploads\/2025\/02\/Homepage-1-300x215.jpg 300w, https:\/\/www.astrologie-und-hom\u00f6opathie.de\/wp-content\/uploads\/2025\/02\/Homepage-1-768x551.jpg 768w, https:\/\/www.astrologie-und-hom\u00f6opathie.de\/wp-content\/uploads\/2025\/02\/Homepage-1-1536x1101.jpg 1536w, https:\/\/www.astrologie-und-hom\u00f6opathie.de\/wp-content\/uploads\/2025\/02\/Homepage-1-2048x1468.jpg 2048w, https:\/\/www.astrologie-und-hom\u00f6opathie.de\/wp-content\/uploads\/2025\/02\/Homepage-1-418x300.jpg 418w\" sizes=\"auto, (max-width: 976px) 100vw, 976px\" \/><\/figure>\n<\/div>\n\n\n<figure class=\"wp-block-image size-large\"><img loading=\"lazy\" decoding=\"async\" width=\"525\" height=\"700\" data-id=\"1426\" src=\"https:\/\/www.astrologie-und-hom\u00f6opathie.de\/wp-content\/uploads\/2025\/02\/Homepage-2-525x700.jpg\" alt=\"Hopital St. Jacques Paris Bibliothek\" class=\"wp-image-1426\" srcset=\"https:\/\/www.astrologie-und-hom\u00f6opathie.de\/wp-content\/uploads\/2025\/02\/Homepage-2-525x700.jpg 525w, https:\/\/www.astrologie-und-hom\u00f6opathie.de\/wp-content\/uploads\/2025\/02\/Homepage-2-225x300.jpg 225w, https:\/\/www.astrologie-und-hom\u00f6opathie.de\/wp-content\/uploads\/2025\/02\/Homepage-2-768x1024.jpg 768w, https:\/\/www.astrologie-und-hom\u00f6opathie.de\/wp-content\/uploads\/2025\/02\/Homepage-2-1152x1536.jpg 1152w, https:\/\/www.astrologie-und-hom\u00f6opathie.de\/wp-content\/uploads\/2025\/02\/Homepage-2-1536x2048.jpg 1536w, https:\/\/www.astrologie-und-hom\u00f6opathie.de\/wp-content\/uploads\/2025\/02\/Homepage-2-scaled.jpg 1920w\" sizes=\"auto, (max-width: 525px) 100vw, 525px\" \/><\/figure>\n<figcaption class=\"blocks-gallery-caption wp-element-caption\">Das ehemalige Hopital Saint-Jacques in Paris mit einer hom\u00f6opathischen Spezialbibliothek<\/figcaption><\/figure>\n","protected":false},"excerpt":{"rendered":"<p>Paris<\/p>\n","protected":false},"author":2,"featured_media":0,"parent":0,"menu_order":0,"comment_status":"closed","ping_status":"closed","template":"","meta":{"footnotes":""},"class_list":["post-1374","page","type-page","status-publish","hentry"],"yoast_head":"<!-- This site is optimized with the Yoast SEO plugin v25.2 - https:\/\/yoast.com\/wordpress\/plugins\/seo\/ -->\n<title>Frankreich - Naturheilpraxis Petra Doerfert<\/title>\n<meta name=\"robots\" content=\"index, follow, max-snippet:-1, max-image-preview:large, max-video-preview:-1\" \/>\n<link rel=\"canonical\" href=\"https:\/\/www.astrologie-und-hom\u00f6opathie.de\/?page_id=1374\" \/>\n<meta property=\"og:locale\" content=\"de_DE\" \/>\n<meta property=\"og:type\" content=\"article\" \/>\n<meta property=\"og:title\" content=\"Frankreich - Naturheilpraxis Petra Doerfert\" \/>\n<meta property=\"og:description\" content=\"Paris\" \/>\n<meta property=\"og:url\" content=\"https:\/\/www.astrologie-und-hom\u00f6opathie.de\/?page_id=1374\" \/>\n<meta property=\"og:site_name\" content=\"Naturheilpraxis Petra Doerfert\" \/>\n<meta property=\"article:modified_time\" content=\"2025-02-23T18:02:11+00:00\" \/>\n<meta name=\"twitter:card\" content=\"summary_large_image\" \/>\n<meta name=\"twitter:label1\" content=\"Gesch\u00e4tzte Lesezeit\" \/>\n\t<meta name=\"twitter:data1\" content=\"4\u00a0Minuten\" \/>\n<script type=\"application\/ld+json\" class=\"yoast-schema-graph\">{\"@context\":\"https:\/\/schema.org\",\"@graph\":[{\"@type\":\"WebPage\",\"@id\":\"https:\/\/www.astrologie-und-hom\u00f6opathie.de\/?page_id=1374\",\"url\":\"https:\/\/www.astrologie-und-hom\u00f6opathie.de\/?page_id=1374\",\"name\":\"Frankreich - Naturheilpraxis Petra Doerfert\",\"isPartOf\":{\"@id\":\"https:\/\/www.astrologie-und-hom\u00f6opathie.de\/#website\"},\"datePublished\":\"2025-02-22T23:02:46+00:00\",\"dateModified\":\"2025-02-23T18:02:11+00:00\",\"breadcrumb\":{\"@id\":\"https:\/\/www.astrologie-und-hom\u00f6opathie.de\/?page_id=1374#breadcrumb\"},\"inLanguage\":\"de\",\"potentialAction\":[{\"@type\":\"ReadAction\",\"target\":[\"https:\/\/www.astrologie-und-hom\u00f6opathie.de\/?page_id=1374\"]}]},{\"@type\":\"BreadcrumbList\",\"@id\":\"https:\/\/www.astrologie-und-hom\u00f6opathie.de\/?page_id=1374#breadcrumb\",\"itemListElement\":[{\"@type\":\"ListItem\",\"position\":1,\"name\":\"Startseite\",\"item\":\"https:\/\/www.astrologie-und-hom\u00f6opathie.de\/\"},{\"@type\":\"ListItem\",\"position\":2,\"name\":\"Frankreich\"}]},{\"@type\":\"WebSite\",\"@id\":\"https:\/\/www.astrologie-und-hom\u00f6opathie.de\/#website\",\"url\":\"https:\/\/www.astrologie-und-hom\u00f6opathie.de\/\",\"name\":\"Naturheilpraxis Petra Doerfert\",\"description\":\"Heilpraktikerin, gepr\u00fcfte Astrologin DAV\",\"potentialAction\":[{\"@type\":\"SearchAction\",\"target\":{\"@type\":\"EntryPoint\",\"urlTemplate\":\"https:\/\/www.astrologie-und-hom\u00f6opathie.de\/?s={search_term_string}\"},\"query-input\":{\"@type\":\"PropertyValueSpecification\",\"valueRequired\":true,\"valueName\":\"search_term_string\"}}],\"inLanguage\":\"de\"}]}<\/script>\n<!-- \/ Yoast SEO plugin. -->","yoast_head_json":{"title":"Frankreich - Naturheilpraxis Petra Doerfert","robots":{"index":"index","follow":"follow","max-snippet":"max-snippet:-1","max-image-preview":"max-image-preview:large","max-video-preview":"max-video-preview:-1"},"canonical":"https:\/\/www.astrologie-und-hom\u00f6opathie.de\/?page_id=1374","og_locale":"de_DE","og_type":"article","og_title":"Frankreich - Naturheilpraxis Petra Doerfert","og_description":"Paris","og_url":"https:\/\/www.astrologie-und-hom\u00f6opathie.de\/?page_id=1374","og_site_name":"Naturheilpraxis Petra Doerfert","article_modified_time":"2025-02-23T18:02:11+00:00","twitter_card":"summary_large_image","twitter_misc":{"Gesch\u00e4tzte Lesezeit":"4\u00a0Minuten"},"schema":{"@context":"https:\/\/schema.org","@graph":[{"@type":"WebPage","@id":"https:\/\/www.astrologie-und-hom\u00f6opathie.de\/?page_id=1374","url":"https:\/\/www.astrologie-und-hom\u00f6opathie.de\/?page_id=1374","name":"Frankreich - Naturheilpraxis Petra Doerfert","isPartOf":{"@id":"https:\/\/www.astrologie-und-hom\u00f6opathie.de\/#website"},"datePublished":"2025-02-22T23:02:46+00:00","dateModified":"2025-02-23T18:02:11+00:00","breadcrumb":{"@id":"https:\/\/www.astrologie-und-hom\u00f6opathie.de\/?page_id=1374#breadcrumb"},"inLanguage":"de","potentialAction":[{"@type":"ReadAction","target":["https:\/\/www.astrologie-und-hom\u00f6opathie.de\/?page_id=1374"]}]},{"@type":"BreadcrumbList","@id":"https:\/\/www.astrologie-und-hom\u00f6opathie.de\/?page_id=1374#breadcrumb","itemListElement":[{"@type":"ListItem","position":1,"name":"Startseite","item":"https:\/\/www.astrologie-und-hom\u00f6opathie.de\/"},{"@type":"ListItem","position":2,"name":"Frankreich"}]},{"@type":"WebSite","@id":"https:\/\/www.astrologie-und-hom\u00f6opathie.de\/#website","url":"https:\/\/www.astrologie-und-hom\u00f6opathie.de\/","name":"Naturheilpraxis Petra Doerfert","description":"Heilpraktikerin, gepr\u00fcfte Astrologin DAV","potentialAction":[{"@type":"SearchAction","target":{"@type":"EntryPoint","urlTemplate":"https:\/\/www.astrologie-und-hom\u00f6opathie.de\/?s={search_term_string}"},"query-input":{"@type":"PropertyValueSpecification","valueRequired":true,"valueName":"search_term_string"}}],"inLanguage":"de"}]}},"_links":{"self":[{"href":"https:\/\/www.astrologie-und-hom\u00f6opathie.de\/index.php?rest_route=\/wp\/v2\/pages\/1374","targetHints":{"allow":["GET"]}}],"collection":[{"href":"https:\/\/www.astrologie-und-hom\u00f6opathie.de\/index.php?rest_route=\/wp\/v2\/pages"}],"about":[{"href":"https:\/\/www.astrologie-und-hom\u00f6opathie.de\/index.php?rest_route=\/wp\/v2\/types\/page"}],"author":[{"embeddable":true,"href":"https:\/\/www.astrologie-und-hom\u00f6opathie.de\/index.php?rest_route=\/wp\/v2\/users\/2"}],"replies":[{"embeddable":true,"href":"https:\/\/www.astrologie-und-hom\u00f6opathie.de\/index.php?rest_route=%2Fwp%2Fv2%2Fcomments&post=1374"}],"version-history":[{"count":12,"href":"https:\/\/www.astrologie-und-hom\u00f6opathie.de\/index.php?rest_route=\/wp\/v2\/pages\/1374\/revisions"}],"predecessor-version":[{"id":1428,"href":"https:\/\/www.astrologie-und-hom\u00f6opathie.de\/index.php?rest_route=\/wp\/v2\/pages\/1374\/revisions\/1428"}],"wp:attachment":[{"href":"https:\/\/www.astrologie-und-hom\u00f6opathie.de\/index.php?rest_route=%2Fwp%2Fv2%2Fmedia&parent=1374"}],"curies":[{"name":"wp","href":"https:\/\/api.w.org\/{rel}","templated":true}]}}