{"id":1263,"date":"2024-09-08T11:19:35","date_gmt":"2024-09-08T09:19:35","guid":{"rendered":"http:\/\/www.astrologie-und-hom\u00f6opathie.de\/?page_id=1263"},"modified":"2025-01-26T12:53:32","modified_gmt":"2025-01-26T10:53:32","slug":"melanie-hahnemann-projekt","status":"publish","type":"page","link":"https:\/\/www.astrologie-und-hom\u00f6opathie.de\/?page_id=1263","title":{"rendered":"M\u00e9lanie Hahnemann Projekt"},"content":{"rendered":"\n<p>Seit 2012 forsche ich \u00fcber das Leben von M\u00e9lanie Hahnemann d&#8217;Hervilly (1800-1878), der zweiten Gattin von Samuel Hahnemann (1755-1843), des Begr\u00fcnders der Hom\u00f6opathie. Den Auftakt bildeten f\u00fcr mich ungekl\u00e4rte Fragen um Hahnemanns Grab, zu denen ich 2014 erste Erkenntnisse in einem Artikel zusammentragen durfte:<\/p>\n\n\n\n<p>Petra D\u00f6rfert, <em>Hahnemanns Begr\u00e4bnisst\u00e4tten in Paris<\/em>, in: ZKH 2014, Jg. 58 (2), S. 88-91.<\/p>\n\n\n\n<p>Im Laufe der Besch\u00e4ftigung tauchte ich immer weiter in die Lebensgeschichte von M\u00e9lanie Hahnemann ein, die, wie sich herausstellte, bislang in gro\u00dfen Teilen verzerrt und unrichtig dargestellt worden war. Nach zahlreichen Besuchen im Institut f\u00fcr Geschichte der Medizin (IGM) der Robert Bosch Stiftung in Stuttgart sowie mehreren Forschungsaufenthalten in Paris, wo ich unter anderem die Best\u00e4nde des Nationalarchivs (Archives Nationales) konsultierte, entstand schlie\u00dflich eine neue Biographie \u00fcber M\u00e9lanie Hahnemann, die gleichzeitig wichtige Erkenntnisse \u00fcber die letzte Lebensphase Samuel Hahnemanns sowie die Hom\u00f6opathiegeschichte des 19. Jahrhunderts enth\u00e4lt.<\/p>\n\n\n\n<div class=\"wp-block-columns are-vertically-aligned-top is-layout-flex wp-container-core-columns-is-layout-9d6595d7 wp-block-columns-is-layout-flex\">\n<div class=\"wp-block-column is-vertically-aligned-top is-layout-flow wp-block-column-is-layout-flow\" style=\"flex-basis:100%\">\n<div class=\"wp-block-media-text is-stacked-on-mobile is-vertically-aligned-top\"><figure class=\"wp-block-media-text__media\"><img loading=\"lazy\" decoding=\"async\" width=\"381\" height=\"499\" src=\"https:\/\/www.astrologie-und-hom\u00f6opathie.de\/wp-content\/uploads\/2024\/09\/Melanie_Hahnemann_dHervilly.jpg\" alt=\"\" class=\"wp-image-1269 size-full\" srcset=\"https:\/\/www.astrologie-und-hom\u00f6opathie.de\/wp-content\/uploads\/2024\/09\/Melanie_Hahnemann_dHervilly.jpg 381w, https:\/\/www.astrologie-und-hom\u00f6opathie.de\/wp-content\/uploads\/2024\/09\/Melanie_Hahnemann_dHervilly-229x300.jpg 229w\" sizes=\"auto, (max-width: 381px) 100vw, 381px\" \/><\/figure><div class=\"wp-block-media-text__content\">\n<p>Petra D\u00f6rfert, <em>M\u00e9lanie Hahnemann d&#8217;Hervilly. Die erste Hom\u00f6opathin, <\/em>Norderstedt 2024, 828 Seiten mit 73 Abbildungen und 5 Stammb\u00e4umen.<\/p>\n\n\n\n<p>Als Print und E-Book unter anderem <a href=\"https:\/\/buchshop.bod.de\/melanie-hahnemann-dhervilly-petra-doerfert-9783759733382\" target=\"_blank\" rel=\"noopener\" title=\"\">hier<\/a> erh\u00e4ltlich.<\/p>\n\n\n\n<p>Eine ausf\u00fchrliche Leseprobe finden Sie auf <a href=\"https:\/\/books.google.de\/books\/about\/Melanie_Hahnemann_d_Hervilly.html?id=OYAgEQAAQBAJ&amp;redir_esc=y\" target=\"_blank\" rel=\"noreferrer noopener\">Google Books<\/a>.<\/p>\n<\/div><\/div>\n\n\n\n<p>Noch sind jedoch nicht alle R\u00e4tsel um M\u00e9lanie gel\u00f6st! Auch gingen einige Erkenntnisse, die ich im Laufe meiner Recherchen gewonnen habe, deutlich \u00fcber das Thema des Buches hinaus, so dass sich weitere Forschungsfelder ge\u00f6ffnet haben. Es bleibt also spannend.<\/p>\n<\/div>\n<\/div>\n","protected":false},"excerpt":{"rendered":"<p>Seit 2012 forsche ich \u00fcber das Leben von M\u00e9lanie Hahnemann d&#8217;Hervilly (1800-1878), der zweiten Gattin von Samuel Hahnemann (1755-1843), des Begr\u00fcnders der Hom\u00f6opathie. Den Auftakt bildeten f\u00fcr mich ungekl\u00e4rte Fragen um Hahnemanns Grab, zu denen ich 2014 erste Erkenntnisse in &hellip; <a href=\"https:\/\/www.astrologie-und-hom\u00f6opathie.de\/?page_id=1263\">Weiterlesen <span class=\"meta-nav\">&rarr;<\/span><\/a><\/p>\n","protected":false},"author":2,"featured_media":0,"parent":0,"menu_order":0,"comment_status":"closed","ping_status":"closed","template":"","meta":{"footnotes":""},"class_list":["post-1263","page","type-page","status-publish","hentry"],"yoast_head":"<!-- This site is optimized with the Yoast SEO plugin v25.2 - https:\/\/yoast.com\/wordpress\/plugins\/seo\/ -->\n<title>M\u00e9lanie Hahnemann Projekt - Naturheilpraxis Petra Doerfert<\/title>\n<meta name=\"robots\" content=\"index, follow, max-snippet:-1, max-image-preview:large, max-video-preview:-1\" \/>\n<link rel=\"canonical\" href=\"https:\/\/www.astrologie-und-hom\u00f6opathie.de\/?page_id=1263\" \/>\n<meta property=\"og:locale\" content=\"de_DE\" \/>\n<meta property=\"og:type\" content=\"article\" \/>\n<meta property=\"og:title\" content=\"M\u00e9lanie Hahnemann Projekt - Naturheilpraxis Petra Doerfert\" \/>\n<meta property=\"og:description\" content=\"Seit 2012 forsche ich \u00fcber das Leben von M\u00e9lanie Hahnemann d&#8217;Hervilly (1800-1878), der zweiten Gattin von Samuel Hahnemann (1755-1843), des Begr\u00fcnders der Hom\u00f6opathie. Den Auftakt bildeten f\u00fcr mich ungekl\u00e4rte Fragen um Hahnemanns Grab, zu denen ich 2014 erste Erkenntnisse in &hellip; Weiterlesen &rarr;\" \/>\n<meta property=\"og:url\" content=\"https:\/\/www.astrologie-und-hom\u00f6opathie.de\/?page_id=1263\" \/>\n<meta property=\"og:site_name\" content=\"Naturheilpraxis Petra Doerfert\" \/>\n<meta property=\"article:modified_time\" content=\"2025-01-26T10:53:32+00:00\" \/>\n<meta name=\"twitter:card\" content=\"summary_large_image\" \/>\n<meta name=\"twitter:label1\" content=\"Gesch\u00e4tzte Lesezeit\" \/>\n\t<meta name=\"twitter:data1\" content=\"2\u00a0Minuten\" \/>\n<script type=\"application\/ld+json\" class=\"yoast-schema-graph\">{\"@context\":\"https:\/\/schema.org\",\"@graph\":[{\"@type\":\"WebPage\",\"@id\":\"https:\/\/www.astrologie-und-hom\u00f6opathie.de\/?page_id=1263\",\"url\":\"https:\/\/www.astrologie-und-hom\u00f6opathie.de\/?page_id=1263\",\"name\":\"M\u00e9lanie Hahnemann Projekt - Naturheilpraxis Petra Doerfert\",\"isPartOf\":{\"@id\":\"https:\/\/www.astrologie-und-hom\u00f6opathie.de\/#website\"},\"datePublished\":\"2024-09-08T09:19:35+00:00\",\"dateModified\":\"2025-01-26T10:53:32+00:00\",\"breadcrumb\":{\"@id\":\"https:\/\/www.astrologie-und-hom\u00f6opathie.de\/?page_id=1263#breadcrumb\"},\"inLanguage\":\"de\",\"potentialAction\":[{\"@type\":\"ReadAction\",\"target\":[\"https:\/\/www.astrologie-und-hom\u00f6opathie.de\/?page_id=1263\"]}]},{\"@type\":\"BreadcrumbList\",\"@id\":\"https:\/\/www.astrologie-und-hom\u00f6opathie.de\/?page_id=1263#breadcrumb\",\"itemListElement\":[{\"@type\":\"ListItem\",\"position\":1,\"name\":\"Startseite\",\"item\":\"https:\/\/www.astrologie-und-hom\u00f6opathie.de\/\"},{\"@type\":\"ListItem\",\"position\":2,\"name\":\"M\u00e9lanie Hahnemann Projekt\"}]},{\"@type\":\"WebSite\",\"@id\":\"https:\/\/www.astrologie-und-hom\u00f6opathie.de\/#website\",\"url\":\"https:\/\/www.astrologie-und-hom\u00f6opathie.de\/\",\"name\":\"Naturheilpraxis Petra Doerfert\",\"description\":\"Heilpraktikerin, gepr\u00fcfte Astrologin DAV\",\"potentialAction\":[{\"@type\":\"SearchAction\",\"target\":{\"@type\":\"EntryPoint\",\"urlTemplate\":\"https:\/\/www.astrologie-und-hom\u00f6opathie.de\/?s={search_term_string}\"},\"query-input\":{\"@type\":\"PropertyValueSpecification\",\"valueRequired\":true,\"valueName\":\"search_term_string\"}}],\"inLanguage\":\"de\"}]}<\/script>\n<!-- \/ Yoast SEO plugin. -->","yoast_head_json":{"title":"M\u00e9lanie Hahnemann Projekt - Naturheilpraxis Petra Doerfert","robots":{"index":"index","follow":"follow","max-snippet":"max-snippet:-1","max-image-preview":"max-image-preview:large","max-video-preview":"max-video-preview:-1"},"canonical":"https:\/\/www.astrologie-und-hom\u00f6opathie.de\/?page_id=1263","og_locale":"de_DE","og_type":"article","og_title":"M\u00e9lanie Hahnemann Projekt - Naturheilpraxis Petra Doerfert","og_description":"Seit 2012 forsche ich \u00fcber das Leben von M\u00e9lanie Hahnemann d&#8217;Hervilly (1800-1878), der zweiten Gattin von Samuel Hahnemann (1755-1843), des Begr\u00fcnders der Hom\u00f6opathie. Den Auftakt bildeten f\u00fcr mich ungekl\u00e4rte Fragen um Hahnemanns Grab, zu denen ich 2014 erste Erkenntnisse in &hellip; Weiterlesen &rarr;","og_url":"https:\/\/www.astrologie-und-hom\u00f6opathie.de\/?page_id=1263","og_site_name":"Naturheilpraxis Petra Doerfert","article_modified_time":"2025-01-26T10:53:32+00:00","twitter_card":"summary_large_image","twitter_misc":{"Gesch\u00e4tzte Lesezeit":"2\u00a0Minuten"},"schema":{"@context":"https:\/\/schema.org","@graph":[{"@type":"WebPage","@id":"https:\/\/www.astrologie-und-hom\u00f6opathie.de\/?page_id=1263","url":"https:\/\/www.astrologie-und-hom\u00f6opathie.de\/?page_id=1263","name":"M\u00e9lanie Hahnemann Projekt - Naturheilpraxis Petra Doerfert","isPartOf":{"@id":"https:\/\/www.astrologie-und-hom\u00f6opathie.de\/#website"},"datePublished":"2024-09-08T09:19:35+00:00","dateModified":"2025-01-26T10:53:32+00:00","breadcrumb":{"@id":"https:\/\/www.astrologie-und-hom\u00f6opathie.de\/?page_id=1263#breadcrumb"},"inLanguage":"de","potentialAction":[{"@type":"ReadAction","target":["https:\/\/www.astrologie-und-hom\u00f6opathie.de\/?page_id=1263"]}]},{"@type":"BreadcrumbList","@id":"https:\/\/www.astrologie-und-hom\u00f6opathie.de\/?page_id=1263#breadcrumb","itemListElement":[{"@type":"ListItem","position":1,"name":"Startseite","item":"https:\/\/www.astrologie-und-hom\u00f6opathie.de\/"},{"@type":"ListItem","position":2,"name":"M\u00e9lanie Hahnemann Projekt"}]},{"@type":"WebSite","@id":"https:\/\/www.astrologie-und-hom\u00f6opathie.de\/#website","url":"https:\/\/www.astrologie-und-hom\u00f6opathie.de\/","name":"Naturheilpraxis Petra Doerfert","description":"Heilpraktikerin, gepr\u00fcfte Astrologin DAV","potentialAction":[{"@type":"SearchAction","target":{"@type":"EntryPoint","urlTemplate":"https:\/\/www.astrologie-und-hom\u00f6opathie.de\/?s={search_term_string}"},"query-input":{"@type":"PropertyValueSpecification","valueRequired":true,"valueName":"search_term_string"}}],"inLanguage":"de"}]}},"_links":{"self":[{"href":"https:\/\/www.astrologie-und-hom\u00f6opathie.de\/index.php?rest_route=\/wp\/v2\/pages\/1263","targetHints":{"allow":["GET"]}}],"collection":[{"href":"https:\/\/www.astrologie-und-hom\u00f6opathie.de\/index.php?rest_route=\/wp\/v2\/pages"}],"about":[{"href":"https:\/\/www.astrologie-und-hom\u00f6opathie.de\/index.php?rest_route=\/wp\/v2\/types\/page"}],"author":[{"embeddable":true,"href":"https:\/\/www.astrologie-und-hom\u00f6opathie.de\/index.php?rest_route=\/wp\/v2\/users\/2"}],"replies":[{"embeddable":true,"href":"https:\/\/www.astrologie-und-hom\u00f6opathie.de\/index.php?rest_route=%2Fwp%2Fv2%2Fcomments&post=1263"}],"version-history":[{"count":14,"href":"https:\/\/www.astrologie-und-hom\u00f6opathie.de\/index.php?rest_route=\/wp\/v2\/pages\/1263\/revisions"}],"predecessor-version":[{"id":1321,"href":"https:\/\/www.astrologie-und-hom\u00f6opathie.de\/index.php?rest_route=\/wp\/v2\/pages\/1263\/revisions\/1321"}],"wp:attachment":[{"href":"https:\/\/www.astrologie-und-hom\u00f6opathie.de\/index.php?rest_route=%2Fwp%2Fv2%2Fmedia&parent=1263"}],"curies":[{"name":"wp","href":"https:\/\/api.w.org\/{rel}","templated":true}]}}