{"id":12,"date":"2013-10-18T14:25:48","date_gmt":"2013-10-18T12:25:48","guid":{"rendered":"http:\/\/www.rafaelgilbrand.de\/rgb\/wordpress-test\/?page_id=12"},"modified":"2025-01-26T12:14:29","modified_gmt":"2025-01-26T10:14:29","slug":"kosten","status":"publish","type":"page","link":"https:\/\/www.astrologie-und-hom\u00f6opathie.de\/?page_id=12","title":{"rendered":"Kosten"},"content":{"rendered":"\n<p>Ausf\u00fchrliche hom\u00f6opathische Erstanamnese ohne astrologische Beratung: 160 \u20ac<\/p>\n\n\n\n<p>Folgesitzungen\/Follow-Ups: 50 \u20ac (pro halbe Stunde Zeitaufwand)<\/p>\n\n\n\n<p>Telefonische Nachfragen, Beantwortung von E-Mails: 50 \u20ac (pro halbe Stunde Zeitaufwand)<\/p>\n\n\n\n<p>Selbstverst\u00e4ndlich ist es nicht m\u00f6glich, eine Behandlung telefonisch oder per E-Mail durchzuf\u00fchren &#8211; beides kann lediglich der kurzen und raschen Zwischeninformation dienen.<\/p>\n\n\n\n<p>Berufliches Coaching: Erstsitzung 160\u20ac, Folgesitzungen 100\u20ac pro Stunde Zeitaufwand<\/p>\n\n\n\n<p>Krisenintervention: 100 \u20ac pro Stunde Zeitaufwand<\/p>\n\n\n\n<p>Die Preise f\u00fcr mein astrologisches Angebot entnehmen Sie bitte meiner <a href=\"https:\/\/www.astrologie-beratung-berlin.com\/?page_id=77\" target=\"_blank\" rel=\"noopener noreferrer\">Astrologie-Seite<\/a>.<\/p>\n\n\n\n<p><span style=\"text-decoration: underline;\">Hinweise:<\/span><\/p>\n\n\n\n<p>Meine Honorare liegen \u00fcber den im Geb\u00fcH (Geb\u00fchrenverzeichnis f\u00fcr Heilpraktiker) aufgef\u00fchrten S\u00e4tzen.<\/p>\n\n\n\n<p>Die Abrechnung erfolgt au\u00dferhalb des kassen\u00e4rztlichen Verfahrens.<\/p>\n\n\n\n<p>Sollten Sie eine Privat- oder Zusatzkrankenversicherung haben oder beihilfeberechtigt sein, \u00fcbernimmt Ihre Kasse f\u00fcr hom\u00f6opathische Behandlungen je nach Vertrag einen Teil der entstehenden Kosten. Fragen Sie dazu Ihren Sachbearbeiter. Gesetzliche Krankenversicherungen \u00fcbernehmen i.d.R. keine Heilpraktikerkosten.<\/p>\n\n\n\n<p>Astrologische Beratungen k\u00f6nnen generell nicht \u00fcber die Krankenversicherung abgerechnet werden, da es sich um kein offiziell anerkanntes Therapieverfahren handelt.<\/p>\n\n\n\n<p>F\u00fcr das Nichterscheinen zu einem vereinbarten Termin, sofern dieser nicht mindestens einen Tag vorher abgesagt wurde, berechne ich 50 \u20ac.<\/p>\n","protected":false},"excerpt":{"rendered":"<p>Ausf\u00fchrliche hom\u00f6opathische Erstanamnese ohne astrologische Beratung: 160 \u20ac Folgesitzungen\/Follow-Ups: 50 \u20ac (pro halbe Stunde Zeitaufwand) Telefonische Nachfragen, Beantwortung von E-Mails: 50 \u20ac (pro halbe Stunde Zeitaufwand) Selbstverst\u00e4ndlich ist es nicht m\u00f6glich, eine Behandlung telefonisch oder per E-Mail durchzuf\u00fchren &#8211; beides &hellip; <a href=\"https:\/\/www.astrologie-und-hom\u00f6opathie.de\/?page_id=12\">Weiterlesen <span class=\"meta-nav\">&rarr;<\/span><\/a><\/p>\n","protected":false},"author":1,"featured_media":0,"parent":0,"menu_order":3,"comment_status":"open","ping_status":"closed","template":"","meta":{"footnotes":""},"class_list":["post-12","page","type-page","status-publish","hentry"],"yoast_head":"<!-- This site is optimized with the Yoast SEO plugin v25.2 - https:\/\/yoast.com\/wordpress\/plugins\/seo\/ -->\n<title>Kosten - Naturheilpraxis Petra Doerfert<\/title>\n<meta name=\"robots\" content=\"index, follow, max-snippet:-1, max-image-preview:large, max-video-preview:-1\" \/>\n<link rel=\"canonical\" href=\"https:\/\/www.astrologie-und-hom\u00f6opathie.de\/?page_id=12\" \/>\n<meta property=\"og:locale\" content=\"de_DE\" \/>\n<meta property=\"og:type\" content=\"article\" \/>\n<meta property=\"og:title\" content=\"Kosten - Naturheilpraxis Petra Doerfert\" \/>\n<meta property=\"og:description\" content=\"Ausf\u00fchrliche hom\u00f6opathische Erstanamnese ohne astrologische Beratung: 160 \u20ac Folgesitzungen\/Follow-Ups: 50 \u20ac (pro halbe Stunde Zeitaufwand) Telefonische Nachfragen, Beantwortung von E-Mails: 50 \u20ac (pro halbe Stunde Zeitaufwand) Selbstverst\u00e4ndlich ist es nicht m\u00f6glich, eine Behandlung telefonisch oder per E-Mail durchzuf\u00fchren &#8211; beides &hellip; Weiterlesen &rarr;\" \/>\n<meta property=\"og:url\" content=\"https:\/\/www.astrologie-und-hom\u00f6opathie.de\/?page_id=12\" \/>\n<meta property=\"og:site_name\" content=\"Naturheilpraxis Petra Doerfert\" \/>\n<meta property=\"article:modified_time\" content=\"2025-01-26T10:14:29+00:00\" \/>\n<meta name=\"twitter:card\" content=\"summary_large_image\" \/>\n<meta name=\"twitter:label1\" content=\"Gesch\u00e4tzte Lesezeit\" \/>\n\t<meta name=\"twitter:data1\" content=\"1\u00a0Minute\" \/>\n<script type=\"application\/ld+json\" class=\"yoast-schema-graph\">{\"@context\":\"https:\/\/schema.org\",\"@graph\":[{\"@type\":\"WebPage\",\"@id\":\"https:\/\/www.astrologie-und-hom\u00f6opathie.de\/?page_id=12\",\"url\":\"https:\/\/www.astrologie-und-hom\u00f6opathie.de\/?page_id=12\",\"name\":\"Kosten - Naturheilpraxis Petra Doerfert\",\"isPartOf\":{\"@id\":\"https:\/\/www.astrologie-und-hom\u00f6opathie.de\/#website\"},\"datePublished\":\"2013-10-18T12:25:48+00:00\",\"dateModified\":\"2025-01-26T10:14:29+00:00\",\"breadcrumb\":{\"@id\":\"https:\/\/www.astrologie-und-hom\u00f6opathie.de\/?page_id=12#breadcrumb\"},\"inLanguage\":\"de\",\"potentialAction\":[{\"@type\":\"ReadAction\",\"target\":[\"https:\/\/www.astrologie-und-hom\u00f6opathie.de\/?page_id=12\"]}]},{\"@type\":\"BreadcrumbList\",\"@id\":\"https:\/\/www.astrologie-und-hom\u00f6opathie.de\/?page_id=12#breadcrumb\",\"itemListElement\":[{\"@type\":\"ListItem\",\"position\":1,\"name\":\"Startseite\",\"item\":\"https:\/\/www.astrologie-und-hom\u00f6opathie.de\/\"},{\"@type\":\"ListItem\",\"position\":2,\"name\":\"Kosten\"}]},{\"@type\":\"WebSite\",\"@id\":\"https:\/\/www.astrologie-und-hom\u00f6opathie.de\/#website\",\"url\":\"https:\/\/www.astrologie-und-hom\u00f6opathie.de\/\",\"name\":\"Naturheilpraxis Petra Doerfert\",\"description\":\"Heilpraktikerin, gepr\u00fcfte Astrologin DAV\",\"potentialAction\":[{\"@type\":\"SearchAction\",\"target\":{\"@type\":\"EntryPoint\",\"urlTemplate\":\"https:\/\/www.astrologie-und-hom\u00f6opathie.de\/?s={search_term_string}\"},\"query-input\":{\"@type\":\"PropertyValueSpecification\",\"valueRequired\":true,\"valueName\":\"search_term_string\"}}],\"inLanguage\":\"de\"}]}<\/script>\n<!-- \/ Yoast SEO plugin. -->","yoast_head_json":{"title":"Kosten - Naturheilpraxis Petra Doerfert","robots":{"index":"index","follow":"follow","max-snippet":"max-snippet:-1","max-image-preview":"max-image-preview:large","max-video-preview":"max-video-preview:-1"},"canonical":"https:\/\/www.astrologie-und-hom\u00f6opathie.de\/?page_id=12","og_locale":"de_DE","og_type":"article","og_title":"Kosten - Naturheilpraxis Petra Doerfert","og_description":"Ausf\u00fchrliche hom\u00f6opathische Erstanamnese ohne astrologische Beratung: 160 \u20ac Folgesitzungen\/Follow-Ups: 50 \u20ac (pro halbe Stunde Zeitaufwand) Telefonische Nachfragen, Beantwortung von E-Mails: 50 \u20ac (pro halbe Stunde Zeitaufwand) Selbstverst\u00e4ndlich ist es nicht m\u00f6glich, eine Behandlung telefonisch oder per E-Mail durchzuf\u00fchren &#8211; beides &hellip; Weiterlesen &rarr;","og_url":"https:\/\/www.astrologie-und-hom\u00f6opathie.de\/?page_id=12","og_site_name":"Naturheilpraxis Petra Doerfert","article_modified_time":"2025-01-26T10:14:29+00:00","twitter_card":"summary_large_image","twitter_misc":{"Gesch\u00e4tzte Lesezeit":"1\u00a0Minute"},"schema":{"@context":"https:\/\/schema.org","@graph":[{"@type":"WebPage","@id":"https:\/\/www.astrologie-und-hom\u00f6opathie.de\/?page_id=12","url":"https:\/\/www.astrologie-und-hom\u00f6opathie.de\/?page_id=12","name":"Kosten - Naturheilpraxis Petra Doerfert","isPartOf":{"@id":"https:\/\/www.astrologie-und-hom\u00f6opathie.de\/#website"},"datePublished":"2013-10-18T12:25:48+00:00","dateModified":"2025-01-26T10:14:29+00:00","breadcrumb":{"@id":"https:\/\/www.astrologie-und-hom\u00f6opathie.de\/?page_id=12#breadcrumb"},"inLanguage":"de","potentialAction":[{"@type":"ReadAction","target":["https:\/\/www.astrologie-und-hom\u00f6opathie.de\/?page_id=12"]}]},{"@type":"BreadcrumbList","@id":"https:\/\/www.astrologie-und-hom\u00f6opathie.de\/?page_id=12#breadcrumb","itemListElement":[{"@type":"ListItem","position":1,"name":"Startseite","item":"https:\/\/www.astrologie-und-hom\u00f6opathie.de\/"},{"@type":"ListItem","position":2,"name":"Kosten"}]},{"@type":"WebSite","@id":"https:\/\/www.astrologie-und-hom\u00f6opathie.de\/#website","url":"https:\/\/www.astrologie-und-hom\u00f6opathie.de\/","name":"Naturheilpraxis Petra Doerfert","description":"Heilpraktikerin, gepr\u00fcfte Astrologin DAV","potentialAction":[{"@type":"SearchAction","target":{"@type":"EntryPoint","urlTemplate":"https:\/\/www.astrologie-und-hom\u00f6opathie.de\/?s={search_term_string}"},"query-input":{"@type":"PropertyValueSpecification","valueRequired":true,"valueName":"search_term_string"}}],"inLanguage":"de"}]}},"_links":{"self":[{"href":"https:\/\/www.astrologie-und-hom\u00f6opathie.de\/index.php?rest_route=\/wp\/v2\/pages\/12","targetHints":{"allow":["GET"]}}],"collection":[{"href":"https:\/\/www.astrologie-und-hom\u00f6opathie.de\/index.php?rest_route=\/wp\/v2\/pages"}],"about":[{"href":"https:\/\/www.astrologie-und-hom\u00f6opathie.de\/index.php?rest_route=\/wp\/v2\/types\/page"}],"author":[{"embeddable":true,"href":"https:\/\/www.astrologie-und-hom\u00f6opathie.de\/index.php?rest_route=\/wp\/v2\/users\/1"}],"replies":[{"embeddable":true,"href":"https:\/\/www.astrologie-und-hom\u00f6opathie.de\/index.php?rest_route=%2Fwp%2Fv2%2Fcomments&post=12"}],"version-history":[{"count":163,"href":"https:\/\/www.astrologie-und-hom\u00f6opathie.de\/index.php?rest_route=\/wp\/v2\/pages\/12\/revisions"}],"predecessor-version":[{"id":1300,"href":"https:\/\/www.astrologie-und-hom\u00f6opathie.de\/index.php?rest_route=\/wp\/v2\/pages\/12\/revisions\/1300"}],"wp:attachment":[{"href":"https:\/\/www.astrologie-und-hom\u00f6opathie.de\/index.php?rest_route=%2Fwp%2Fv2%2Fmedia&parent=12"}],"curies":[{"name":"wp","href":"https:\/\/api.w.org\/{rel}","templated":true}]}}